{"id":14601,"date":"2022-11-04T22:08:02","date_gmt":"2022-11-04T22:08:02","guid":{"rendered":"https:\/\/wordpress-866225-2999446.cloudwaysapps.com\/?page_id=14601"},"modified":"2025-01-18T05:49:08","modified_gmt":"2025-01-18T05:49:08","slug":"working-model-2d","status":"publish","type":"page","link":"https:\/\/simutek.com.tr\/en\/working-model-2d\/","title":{"rendered":"Working Model 2D"},"content":{"rendered":"\t\t<div data-elementor-type=\"wp-page\" data-elementor-id=\"14601\" class=\"elementor elementor-14601\">\n\t\t\t\t\t\t<section class=\"elementor-section elementor-top-section elementor-element elementor-element-304faeb elementor-section-boxed elementor-section-height-default elementor-section-height-default\" data-id=\"304faeb\" data-element_type=\"section\">\n\t\t\t\t\t\t<div class=\"elementor-container elementor-column-gap-default\">\n\t\t\t\t\t<div class=\"elementor-column elementor-col-100 elementor-top-column elementor-element elementor-element-cbd1bb8\" data-id=\"cbd1bb8\" data-element_type=\"column\" data-settings=\"{&quot;background_background&quot;:&quot;classic&quot;}\">\n\t\t\t<div class=\"elementor-widget-wrap elementor-element-populated\">\n\t\t\t\t\t\t<div class=\"elementor-element elementor-element-e952c06 elementor-widget elementor-widget-image\" data-id=\"e952c06\" data-element_type=\"widget\" data-widget_type=\"image.default\">\n\t\t\t\t<div class=\"elementor-widget-container\">\n\t\t\t\t\t\t\t\t\t\t\t\t\t\t\t<img fetchpriority=\"high\" decoding=\"async\" width=\"640\" height=\"128\" src=\"https:\/\/simutek.com.tr\/en\/wp-content\/uploads\/2022\/11\/working-model-banner-1024x204.jpeg\" class=\"attachment-large size-large wp-image-14603\" alt=\"working-model-banner\" srcset=\"https:\/\/simutek.com.tr\/en\/wp-content\/uploads\/2022\/11\/working-model-banner-1024x204.jpeg 1024w, https:\/\/simutek.com.tr\/en\/wp-content\/uploads\/2022\/11\/working-model-banner-300x60.jpeg 300w, https:\/\/simutek.com.tr\/en\/wp-content\/uploads\/2022\/11\/working-model-banner-768x153.jpeg 768w, https:\/\/simutek.com.tr\/en\/wp-content\/uploads\/2022\/11\/working-model-banner.jpeg 1158w\" sizes=\"(max-width: 640px) 100vw, 640px\" \/>\t\t\t\t\t\t\t\t\t\t\t\t\t\t\t<\/div>\n\t\t\t\t<\/div>\n\t\t\t\t\t<\/div>\n\t\t<\/div>\n\t\t\t\t\t<\/div>\n\t\t<\/section>\n\t\t\t\t<section class=\"elementor-section elementor-top-section elementor-element elementor-element-1383702 elementor-section-boxed elementor-section-height-default elementor-section-height-default\" data-id=\"1383702\" data-element_type=\"section\" data-settings=\"{&quot;background_background&quot;:&quot;classic&quot;}\">\n\t\t\t\t\t\t<div class=\"elementor-container elementor-column-gap-default\">\n\t\t\t\t\t<div class=\"elementor-column elementor-col-100 elementor-top-column elementor-element elementor-element-f66d8ef\" data-id=\"f66d8ef\" data-element_type=\"column\">\n\t\t\t<div class=\"elementor-widget-wrap elementor-element-populated\">\n\t\t\t\t\t\t<section class=\"elementor-section elementor-inner-section elementor-element elementor-element-1c7badc elementor-section-boxed elementor-section-height-default elementor-section-height-default\" data-id=\"1c7badc\" data-element_type=\"section\">\n\t\t\t\t\t\t<div class=\"elementor-container elementor-column-gap-default\">\n\t\t\t\t\t<div class=\"elementor-column elementor-col-100 elementor-inner-column elementor-element elementor-element-c0b6e95\" data-id=\"c0b6e95\" data-element_type=\"column\">\n\t\t\t<div class=\"elementor-widget-wrap elementor-element-populated\">\n\t\t\t\t\t\t<div class=\"elementor-element elementor-element-64ce9b0 elementor-widget elementor-widget-text-editor\" data-id=\"64ce9b0\" data-element_type=\"widget\" data-widget_type=\"text-editor.default\">\n\t\t\t\t<div class=\"elementor-widget-container\">\n\t\t\t\t\t\t\t\t\t<p style=\"text-align: center;\">Working Model is a mechanism design and simulation software that allows you to create your conceptual mechanism designs and simulate the movements of mechanisms. Workin Model is currently used by many engineers to create mechanisms and simulate real mechanical systems.<\/p><p style=\"text-align: center;\"><strong>Benefits it provides to companies during the product development phase;<\/strong><\/p><p style=\"text-align: center;\">Powerful Physics-based, 2D kinematic and dynamic motion simulation and analysis<\/p><p style=\"text-align: center;\">Provides accurate results for complex engineering simulation problems<\/p><p style=\"text-align: center;\">Reduces your costs by foreseeing prototype needs and product damages<\/p>\t\t\t\t\t\t\t\t<\/div>\n\t\t\t\t<\/div>\n\t\t\t\t\t<\/div>\n\t\t<\/div>\n\t\t\t\t\t<\/div>\n\t\t<\/section>\n\t\t\t\t\t<\/div>\n\t\t<\/div>\n\t\t\t\t\t<\/div>\n\t\t<\/section>\n\t\t\t\t<section class=\"elementor-section elementor-top-section elementor-element elementor-element-de5c597 elementor-section-boxed elementor-section-height-default elementor-section-height-default\" data-id=\"de5c597\" data-element_type=\"section\">\n\t\t\t\t\t\t<div class=\"elementor-container elementor-column-gap-default\">\n\t\t\t\t\t<div class=\"elementor-column elementor-col-50 elementor-top-column elementor-element elementor-element-35b9aed\" data-id=\"35b9aed\" data-element_type=\"column\">\n\t\t\t<div class=\"elementor-widget-wrap elementor-element-populated\">\n\t\t\t\t\t\t<div class=\"elementor-element elementor-element-933f294 elementor-widget elementor-widget-image\" data-id=\"933f294\" data-element_type=\"widget\" data-widget_type=\"image.default\">\n\t\t\t\t<div class=\"elementor-widget-container\">\n\t\t\t\t\t\t\t\t\t\t\t\t\t\t\t<img decoding=\"async\" width=\"640\" height=\"394\" src=\"https:\/\/simutek.com.tr\/en\/wp-content\/uploads\/2022\/11\/working-model-banner-1-1024x630.jpeg\" class=\"attachment-large size-large wp-image-14613\" alt=\"\" srcset=\"https:\/\/simutek.com.tr\/en\/wp-content\/uploads\/2022\/11\/working-model-banner-1-1024x630.jpeg 1024w, https:\/\/simutek.com.tr\/en\/wp-content\/uploads\/2022\/11\/working-model-banner-1-300x185.jpeg 300w, https:\/\/simutek.com.tr\/en\/wp-content\/uploads\/2022\/11\/working-model-banner-1-768x473.jpeg 768w, https:\/\/simutek.com.tr\/en\/wp-content\/uploads\/2022\/11\/working-model-banner-1.jpeg 1082w\" sizes=\"(max-width: 640px) 100vw, 640px\" \/>\t\t\t\t\t\t\t\t\t\t\t\t\t\t\t<\/div>\n\t\t\t\t<\/div>\n\t\t\t\t\t<\/div>\n\t\t<\/div>\n\t\t\t\t<div class=\"elementor-column elementor-col-50 elementor-top-column elementor-element elementor-element-a94f06b\" data-id=\"a94f06b\" data-element_type=\"column\">\n\t\t\t<div class=\"elementor-widget-wrap elementor-element-populated\">\n\t\t\t\t\t\t<div class=\"elementor-element elementor-element-b810951 elementor-widget elementor-widget-image\" data-id=\"b810951\" data-element_type=\"widget\" data-widget_type=\"image.default\">\n\t\t\t\t<div class=\"elementor-widget-container\">\n\t\t\t\t\t\t\t\t\t\t\t\t\t\t\t<img decoding=\"async\" width=\"300\" height=\"198\" src=\"https:\/\/simutek.com.tr\/en\/wp-content\/uploads\/2022\/11\/working-model-banner-2.gif\" class=\"attachment-large size-large wp-image-14614\" alt=\"working-model-banner-2\" \/>\t\t\t\t\t\t\t\t\t\t\t\t\t\t\t<\/div>\n\t\t\t\t<\/div>\n\t\t\t\t\t<\/div>\n\t\t<\/div>\n\t\t\t\t\t<\/div>\n\t\t<\/section>\n\t\t\t\t<section class=\"elementor-section elementor-top-section elementor-element elementor-element-51541bf elementor-section-boxed elementor-section-height-default elementor-section-height-default\" data-id=\"51541bf\" data-element_type=\"section\" data-settings=\"{&quot;background_background&quot;:&quot;classic&quot;}\">\n\t\t\t\t\t\t<div class=\"elementor-container elementor-column-gap-default\">\n\t\t\t\t\t<div class=\"elementor-column elementor-col-100 elementor-top-column elementor-element elementor-element-baab557\" data-id=\"baab557\" data-element_type=\"column\">\n\t\t\t<div class=\"elementor-widget-wrap elementor-element-populated\">\n\t\t\t\t\t\t<div class=\"elementor-element elementor-element-db69fd9 elementor-widget elementor-widget-text-editor\" data-id=\"db69fd9\" data-element_type=\"widget\" data-widget_type=\"text-editor.default\">\n\t\t\t\t<div class=\"elementor-widget-container\">\n\t\t\t\t\t\t\t\t\t<p style=\"text-align: center;\">Working Model 2D, the most widely used motion simulation software by engineers and designers in the concept design phase, reduces the number of prototypes by performing motion simulation and opens new horizons for your designs by establishing various scenarios. Working Model 2D is currently used efficiently by thousands of engineers in mechanism designs. The scenarios you establish with Working Model 2D at every stage of your product development processes give you more ideas, highlight your creativity and save time by focusing on your main job. Many users say that they have been very productive from the first moment they used \u2018Working Model\u2019.<\/p>\t\t\t\t\t\t\t\t<\/div>\n\t\t\t\t<\/div>\n\t\t\t\t\t<\/div>\n\t\t<\/div>\n\t\t\t\t\t<\/div>\n\t\t<\/section>\n\t\t\t\t<section class=\"elementor-section elementor-top-section elementor-element elementor-element-f212f40 elementor-section-boxed elementor-section-height-default elementor-section-height-default\" data-id=\"f212f40\" data-element_type=\"section\">\n\t\t\t\t\t\t<div class=\"elementor-container elementor-column-gap-default\">\n\t\t\t\t\t<div class=\"elementor-column elementor-col-33 elementor-top-column elementor-element elementor-element-e1ccb51\" data-id=\"e1ccb51\" data-element_type=\"column\">\n\t\t\t<div class=\"elementor-widget-wrap elementor-element-populated\">\n\t\t\t\t\t\t<div class=\"elementor-element elementor-element-412a68a elementor-widget elementor-widget-image\" data-id=\"412a68a\" data-element_type=\"widget\" data-widget_type=\"image.default\">\n\t\t\t\t<div class=\"elementor-widget-container\">\n\t\t\t\t\t\t\t\t\t\t\t\t\t\t\t<img loading=\"lazy\" decoding=\"async\" width=\"296\" height=\"162\" src=\"https:\/\/simutek.com.tr\/en\/wp-content\/uploads\/2022\/11\/wm-1.gif\" class=\"attachment-large size-large wp-image-14642\" alt=\"\" \/>\t\t\t\t\t\t\t\t\t\t\t\t\t\t\t<\/div>\n\t\t\t\t<\/div>\n\t\t\t\t<div class=\"elementor-element elementor-element-394c927 elementor-widget elementor-widget-image\" data-id=\"394c927\" data-element_type=\"widget\" data-widget_type=\"image.default\">\n\t\t\t\t<div class=\"elementor-widget-container\">\n\t\t\t\t\t\t\t\t\t\t\t\t\t\t\t<img loading=\"lazy\" decoding=\"async\" width=\"66\" height=\"182\" src=\"https:\/\/simutek.com.tr\/en\/wp-content\/uploads\/2022\/11\/wm-5.gif\" class=\"attachment-large size-large wp-image-14646\" alt=\"wm-5\" \/>\t\t\t\t\t\t\t\t\t\t\t\t\t\t\t<\/div>\n\t\t\t\t<\/div>\n\t\t\t\t\t<\/div>\n\t\t<\/div>\n\t\t\t\t<div class=\"elementor-column elementor-col-33 elementor-top-column elementor-element elementor-element-f20d8fd\" data-id=\"f20d8fd\" data-element_type=\"column\">\n\t\t\t<div class=\"elementor-widget-wrap elementor-element-populated\">\n\t\t\t\t\t\t<div class=\"elementor-element elementor-element-31561b8 elementor-widget elementor-widget-image\" data-id=\"31561b8\" data-element_type=\"widget\" data-widget_type=\"image.default\">\n\t\t\t\t<div class=\"elementor-widget-container\">\n\t\t\t\t\t\t\t\t\t\t\t\t\t\t\t<img loading=\"lazy\" decoding=\"async\" width=\"192\" height=\"150\" src=\"https:\/\/simutek.com.tr\/en\/wp-content\/uploads\/2022\/11\/wm-6.gif\" class=\"attachment-large size-large wp-image-14647\" alt=\"wm-6\" \/>\t\t\t\t\t\t\t\t\t\t\t\t\t\t\t<\/div>\n\t\t\t\t<\/div>\n\t\t\t\t<div class=\"elementor-element elementor-element-72e6321 elementor-widget elementor-widget-image\" data-id=\"72e6321\" data-element_type=\"widget\" data-widget_type=\"image.default\">\n\t\t\t\t<div class=\"elementor-widget-container\">\n\t\t\t\t\t\t\t\t\t\t\t\t\t\t\t<img loading=\"lazy\" decoding=\"async\" width=\"292\" height=\"180\" src=\"https:\/\/simutek.com.tr\/en\/wp-content\/uploads\/2022\/11\/wm-2.gif\" class=\"attachment-large size-large wp-image-14643\" alt=\"\" \/>\t\t\t\t\t\t\t\t\t\t\t\t\t\t\t<\/div>\n\t\t\t\t<\/div>\n\t\t\t\t\t<\/div>\n\t\t<\/div>\n\t\t\t\t<div class=\"elementor-column elementor-col-33 elementor-top-column elementor-element elementor-element-d22d491\" data-id=\"d22d491\" data-element_type=\"column\">\n\t\t\t<div class=\"elementor-widget-wrap elementor-element-populated\">\n\t\t\t\t\t\t<div class=\"elementor-element elementor-element-f72d88f elementor-widget elementor-widget-image\" data-id=\"f72d88f\" data-element_type=\"widget\" data-widget_type=\"image.default\">\n\t\t\t\t<div class=\"elementor-widget-container\">\n\t\t\t\t\t\t\t\t\t\t\t\t\t\t\t<img loading=\"lazy\" decoding=\"async\" width=\"152\" height=\"138\" src=\"https:\/\/simutek.com.tr\/en\/wp-content\/uploads\/2022\/11\/wm7.gif\" class=\"attachment-large size-large wp-image-14648\" alt=\"\" \/>\t\t\t\t\t\t\t\t\t\t\t\t\t\t\t<\/div>\n\t\t\t\t<\/div>\n\t\t\t\t<div class=\"elementor-element elementor-element-3c3f120 elementor-widget elementor-widget-image\" data-id=\"3c3f120\" data-element_type=\"widget\" data-widget_type=\"image.default\">\n\t\t\t\t<div class=\"elementor-widget-container\">\n\t\t\t\t\t\t\t\t\t\t\t\t\t\t\t<img loading=\"lazy\" decoding=\"async\" width=\"194\" height=\"212\" src=\"https:\/\/simutek.com.tr\/en\/wp-content\/uploads\/2022\/11\/wm-4.gif\" class=\"attachment-large size-large wp-image-14645\" alt=\"\" \/>\t\t\t\t\t\t\t\t\t\t\t\t\t\t\t<\/div>\n\t\t\t\t<\/div>\n\t\t\t\t\t<\/div>\n\t\t<\/div>\n\t\t\t\t\t<\/div>\n\t\t<\/section>\n\t\t\t\t<section class=\"elementor-section elementor-top-section elementor-element elementor-element-f832321 elementor-section-boxed elementor-section-height-default elementor-section-height-default\" data-id=\"f832321\" data-element_type=\"section\" data-settings=\"{&quot;background_background&quot;:&quot;classic&quot;}\">\n\t\t\t\t\t\t<div class=\"elementor-container elementor-column-gap-default\">\n\t\t\t\t\t<div class=\"elementor-column elementor-col-100 elementor-top-column elementor-element elementor-element-a15fe2d\" data-id=\"a15fe2d\" data-element_type=\"column\">\n\t\t\t<div class=\"elementor-widget-wrap elementor-element-populated\">\n\t\t\t\t\t\t<div class=\"elementor-element elementor-element-b3759a7 elementor-widget elementor-widget-heading\" data-id=\"b3759a7\" data-element_type=\"widget\" data-widget_type=\"heading.default\">\n\t\t\t\t<div class=\"elementor-widget-container\">\n\t\t\t\t\t<h2 class=\"elementor-heading-title elementor-size-default\">Introduction Document<\/h2>\t\t\t\t<\/div>\n\t\t\t\t<\/div>\n\t\t\t\t<div class=\"elementor-element elementor-element-7b06466 elementor-widget elementor-widget-image\" data-id=\"7b06466\" data-element_type=\"widget\" data-widget_type=\"image.default\">\n\t\t\t\t<div class=\"elementor-widget-container\">\n\t\t\t\t\t\t\t\t\t\t\t\t\t\t\t<img loading=\"lazy\" decoding=\"async\" width=\"512\" height=\"654\" src=\"https:\/\/simutek.com.tr\/en\/wp-content\/uploads\/2022\/11\/tanitim-dokumani.gif\" class=\"attachment-large size-large wp-image-14655\" alt=\"tanitim-dokumani\" \/>\t\t\t\t\t\t\t\t\t\t\t\t\t\t\t<\/div>\n\t\t\t\t<\/div>\n\t\t\t\t<div class=\"elementor-element elementor-element-8668608 elementor-widget elementor-widget-text-editor\" data-id=\"8668608\" data-element_type=\"widget\" data-widget_type=\"text-editor.default\">\n\t\t\t\t<div class=\"elementor-widget-container\">\n\t\t\t\t\t\t\t\t\t<p style=\"text-align: center;\"><a href=\"http:\/\/www.design-simulation.com\/Documents\/WM\/wm2denglish.pdf\"><span style=\"color: #ff0000;\">D\u00f6k\u00fcman\u0131 G\u00f6r\u00fcnt\u00fclemek \u0130\u00e7in T\u0131klay\u0131n\u0131z.<\/span><\/a><\/p>\t\t\t\t\t\t\t\t<\/div>\n\t\t\t\t<\/div>\n\t\t\t\t\t<\/div>\n\t\t<\/div>\n\t\t\t\t\t<\/div>\n\t\t<\/section>\n\t\t\t\t<\/div>\n\t\t","protected":false},"excerpt":{"rendered":"<p>Working Model is a mechanism design and simulation software that allows you to create your conceptual mechanism designs and simulate the movements of mechanisms. Workin Model is currently used by many engineers to create mechanisms and simulate real mechanical systems&#8230;.<\/p>\n","protected":false},"author":1,"featured_media":0,"parent":0,"menu_order":0,"comment_status":"closed","ping_status":"closed","template":"","meta":{"content-type":"","footnotes":""},"class_list":["post-14601","page","type-page","status-publish","hentry"],"yoast_head":"<!-- This site is optimized with the Yoast SEO plugin v25.9 - https:\/\/yoast.com\/wordpress\/plugins\/seo\/ -->\n<title>Working Model 2D - Simutek Engineering<\/title>\n<meta name=\"robots\" content=\"index, follow, max-snippet:-1, max-image-preview:large, max-video-preview:-1\" \/>\n<link rel=\"canonical\" href=\"https:\/\/simutek.com.tr\/en\/working-model-2d\/\" \/>\n<meta property=\"og:locale\" content=\"en_US\" \/>\n<meta property=\"og:type\" content=\"article\" \/>\n<meta property=\"og:title\" content=\"Working Model 2D - Simutek Engineering\" \/>\n<meta property=\"og:description\" content=\"Working Model is a mechanism design and simulation software that allows you to create your conceptual mechanism designs and simulate the movements of mechanisms. Workin Model is currently used by many engineers to create mechanisms and simulate real mechanical systems....\" \/>\n<meta property=\"og:url\" content=\"https:\/\/simutek.com.tr\/en\/working-model-2d\/\" \/>\n<meta property=\"og:site_name\" content=\"Simutek Engineering\" \/>\n<meta property=\"article:publisher\" content=\"https:\/\/www.facebook.com\/Simutek.Engineering\" \/>\n<meta property=\"article:modified_time\" content=\"2025-01-18T05:49:08+00:00\" \/>\n<meta property=\"og:image\" content=\"https:\/\/simutek.com.tr\/en\/wp-content\/uploads\/2022\/11\/working-model-banner.jpeg\" \/>\n\t<meta property=\"og:image:width\" content=\"1158\" \/>\n\t<meta property=\"og:image:height\" content=\"231\" \/>\n\t<meta property=\"og:image:type\" content=\"image\/jpeg\" \/>\n<meta name=\"twitter:card\" content=\"summary_large_image\" \/>\n<meta name=\"twitter:site\" content=\"@SimuTek_CAE\" \/>\n<meta name=\"twitter:label1\" content=\"Est. reading time\" \/>\n\t<meta name=\"twitter:data1\" content=\"3 minutes\" \/>\n<script type=\"application\/ld+json\" class=\"yoast-schema-graph\">{\"@context\":\"https:\/\/schema.org\",\"@graph\":[{\"@type\":\"WebPage\",\"@id\":\"https:\/\/simutek.com.tr\/en\/working-model-2d\/\",\"url\":\"https:\/\/simutek.com.tr\/en\/working-model-2d\/\",\"name\":\"Working Model 2D - Simutek Engineering\",\"isPartOf\":{\"@id\":\"https:\/\/simutek.com.tr\/en\/#website\"},\"primaryImageOfPage\":{\"@id\":\"https:\/\/simutek.com.tr\/en\/working-model-2d\/#primaryimage\"},\"image\":{\"@id\":\"https:\/\/simutek.com.tr\/en\/working-model-2d\/#primaryimage\"},\"thumbnailUrl\":\"https:\/\/simutek.com.tr\/en\/wp-content\/uploads\/2022\/11\/working-model-banner-1024x204.jpeg\",\"datePublished\":\"2022-11-04T22:08:02+00:00\",\"dateModified\":\"2025-01-18T05:49:08+00:00\",\"breadcrumb\":{\"@id\":\"https:\/\/simutek.com.tr\/en\/working-model-2d\/#breadcrumb\"},\"inLanguage\":\"en-US\",\"potentialAction\":[{\"@type\":\"ReadAction\",\"target\":[\"https:\/\/simutek.com.tr\/en\/working-model-2d\/\"]}]},{\"@type\":\"ImageObject\",\"inLanguage\":\"en-US\",\"@id\":\"https:\/\/simutek.com.tr\/en\/working-model-2d\/#primaryimage\",\"url\":\"https:\/\/simutek.com.tr\/en\/wp-content\/uploads\/2022\/11\/working-model-banner.jpeg\",\"contentUrl\":\"https:\/\/simutek.com.tr\/en\/wp-content\/uploads\/2022\/11\/working-model-banner.jpeg\",\"width\":1158,\"height\":231,\"caption\":\"working-model-banner\"},{\"@type\":\"BreadcrumbList\",\"@id\":\"https:\/\/simutek.com.tr\/en\/working-model-2d\/#breadcrumb\",\"itemListElement\":[{\"@type\":\"ListItem\",\"position\":1,\"name\":\"Anasayfa\",\"item\":\"https:\/\/simutek.com.tr\/en\/\"},{\"@type\":\"ListItem\",\"position\":2,\"name\":\"Working Model 2D\"}]},{\"@type\":\"WebSite\",\"@id\":\"https:\/\/simutek.com.tr\/en\/#website\",\"url\":\"https:\/\/simutek.com.tr\/en\/\",\"name\":\"Simutek Engineering\",\"description\":\"optimum engineering solutions\",\"publisher\":{\"@id\":\"https:\/\/simutek.com.tr\/en\/#organization\"},\"potentialAction\":[{\"@type\":\"SearchAction\",\"target\":{\"@type\":\"EntryPoint\",\"urlTemplate\":\"https:\/\/simutek.com.tr\/en\/?s={search_term_string}\"},\"query-input\":{\"@type\":\"PropertyValueSpecification\",\"valueRequired\":true,\"valueName\":\"search_term_string\"}}],\"inLanguage\":\"en-US\"},{\"@type\":\"Organization\",\"@id\":\"https:\/\/simutek.com.tr\/en\/#organization\",\"name\":\"Simutek Engineering\",\"url\":\"https:\/\/simutek.com.tr\/en\/\",\"logo\":{\"@type\":\"ImageObject\",\"inLanguage\":\"en-US\",\"@id\":\"https:\/\/simutek.com.tr\/en\/#\/schema\/logo\/image\/\",\"url\":\"https:\/\/simutek.com.tr\/wp-content\/uploads\/2022\/11\/kalite-yonetim-belgesi.jpg\",\"contentUrl\":\"https:\/\/simutek.com.tr\/wp-content\/uploads\/2022\/11\/kalite-yonetim-belgesi.jpg\",\"width\":1000,\"height\":600,\"caption\":\"Simutek Engineering\"},\"image\":{\"@id\":\"https:\/\/simutek.com.tr\/en\/#\/schema\/logo\/image\/\"},\"sameAs\":[\"https:\/\/www.facebook.com\/Simutek.Engineering\",\"https:\/\/x.com\/SimuTek_CAE\"]}]}<\/script>\n<!-- \/ Yoast SEO plugin. -->","yoast_head_json":{"title":"Working Model 2D - Simutek Engineering","robots":{"index":"index","follow":"follow","max-snippet":"max-snippet:-1","max-image-preview":"max-image-preview:large","max-video-preview":"max-video-preview:-1"},"canonical":"https:\/\/simutek.com.tr\/en\/working-model-2d\/","og_locale":"en_US","og_type":"article","og_title":"Working Model 2D - Simutek Engineering","og_description":"Working Model is a mechanism design and simulation software that allows you to create your conceptual mechanism designs and simulate the movements of mechanisms. Workin Model is currently used by many engineers to create mechanisms and simulate real mechanical systems....","og_url":"https:\/\/simutek.com.tr\/en\/working-model-2d\/","og_site_name":"Simutek Engineering","article_publisher":"https:\/\/www.facebook.com\/Simutek.Engineering","article_modified_time":"2025-01-18T05:49:08+00:00","og_image":[{"width":1158,"height":231,"url":"https:\/\/simutek.com.tr\/en\/wp-content\/uploads\/2022\/11\/working-model-banner.jpeg","type":"image\/jpeg"}],"twitter_card":"summary_large_image","twitter_site":"@SimuTek_CAE","twitter_misc":{"Est. reading time":"3 minutes"},"schema":{"@context":"https:\/\/schema.org","@graph":[{"@type":"WebPage","@id":"https:\/\/simutek.com.tr\/en\/working-model-2d\/","url":"https:\/\/simutek.com.tr\/en\/working-model-2d\/","name":"Working Model 2D - Simutek Engineering","isPartOf":{"@id":"https:\/\/simutek.com.tr\/en\/#website"},"primaryImageOfPage":{"@id":"https:\/\/simutek.com.tr\/en\/working-model-2d\/#primaryimage"},"image":{"@id":"https:\/\/simutek.com.tr\/en\/working-model-2d\/#primaryimage"},"thumbnailUrl":"https:\/\/simutek.com.tr\/en\/wp-content\/uploads\/2022\/11\/working-model-banner-1024x204.jpeg","datePublished":"2022-11-04T22:08:02+00:00","dateModified":"2025-01-18T05:49:08+00:00","breadcrumb":{"@id":"https:\/\/simutek.com.tr\/en\/working-model-2d\/#breadcrumb"},"inLanguage":"en-US","potentialAction":[{"@type":"ReadAction","target":["https:\/\/simutek.com.tr\/en\/working-model-2d\/"]}]},{"@type":"ImageObject","inLanguage":"en-US","@id":"https:\/\/simutek.com.tr\/en\/working-model-2d\/#primaryimage","url":"https:\/\/simutek.com.tr\/en\/wp-content\/uploads\/2022\/11\/working-model-banner.jpeg","contentUrl":"https:\/\/simutek.com.tr\/en\/wp-content\/uploads\/2022\/11\/working-model-banner.jpeg","width":1158,"height":231,"caption":"working-model-banner"},{"@type":"BreadcrumbList","@id":"https:\/\/simutek.com.tr\/en\/working-model-2d\/#breadcrumb","itemListElement":[{"@type":"ListItem","position":1,"name":"Anasayfa","item":"https:\/\/simutek.com.tr\/en\/"},{"@type":"ListItem","position":2,"name":"Working Model 2D"}]},{"@type":"WebSite","@id":"https:\/\/simutek.com.tr\/en\/#website","url":"https:\/\/simutek.com.tr\/en\/","name":"Simutek Engineering","description":"optimum engineering solutions","publisher":{"@id":"https:\/\/simutek.com.tr\/en\/#organization"},"potentialAction":[{"@type":"SearchAction","target":{"@type":"EntryPoint","urlTemplate":"https:\/\/simutek.com.tr\/en\/?s={search_term_string}"},"query-input":{"@type":"PropertyValueSpecification","valueRequired":true,"valueName":"search_term_string"}}],"inLanguage":"en-US"},{"@type":"Organization","@id":"https:\/\/simutek.com.tr\/en\/#organization","name":"Simutek Engineering","url":"https:\/\/simutek.com.tr\/en\/","logo":{"@type":"ImageObject","inLanguage":"en-US","@id":"https:\/\/simutek.com.tr\/en\/#\/schema\/logo\/image\/","url":"https:\/\/simutek.com.tr\/wp-content\/uploads\/2022\/11\/kalite-yonetim-belgesi.jpg","contentUrl":"https:\/\/simutek.com.tr\/wp-content\/uploads\/2022\/11\/kalite-yonetim-belgesi.jpg","width":1000,"height":600,"caption":"Simutek Engineering"},"image":{"@id":"https:\/\/simutek.com.tr\/en\/#\/schema\/logo\/image\/"},"sameAs":["https:\/\/www.facebook.com\/Simutek.Engineering","https:\/\/x.com\/SimuTek_CAE"]}]}},"_links":{"self":[{"href":"https:\/\/simutek.com.tr\/en\/wp-json\/wp\/v2\/pages\/14601","targetHints":{"allow":["GET"]}}],"collection":[{"href":"https:\/\/simutek.com.tr\/en\/wp-json\/wp\/v2\/pages"}],"about":[{"href":"https:\/\/simutek.com.tr\/en\/wp-json\/wp\/v2\/types\/page"}],"author":[{"embeddable":true,"href":"https:\/\/simutek.com.tr\/en\/wp-json\/wp\/v2\/users\/1"}],"replies":[{"embeddable":true,"href":"https:\/\/simutek.com.tr\/en\/wp-json\/wp\/v2\/comments?post=14601"}],"version-history":[{"count":50,"href":"https:\/\/simutek.com.tr\/en\/wp-json\/wp\/v2\/pages\/14601\/revisions"}],"predecessor-version":[{"id":15665,"href":"https:\/\/simutek.com.tr\/en\/wp-json\/wp\/v2\/pages\/14601\/revisions\/15665"}],"wp:attachment":[{"href":"https:\/\/simutek.com.tr\/en\/wp-json\/wp\/v2\/media?parent=14601"}],"curies":[{"name":"wp","href":"https:\/\/api.w.org\/{rel}","templated":true}]}}